{"id":15,"date":"2014-10-21T22:03:19","date_gmt":"2014-10-21T20:03:19","guid":{"rendered":"http:\/\/jupiterkallisto.ch\/?page_id=15"},"modified":"2014-10-21T22:03:19","modified_gmt":"2014-10-21T20:03:19","slug":"jupiters-filmcheck","status":"publish","type":"page","link":"http:\/\/jupiterkallisto.ch\/?page_id=15","title":{"rendered":"Jupiter&#8217;s Filmcheck"},"content":{"rendered":"<p style=\"text-align: center;\">Auf dieser Seite werde ich hin und wieder meine pers\u00f6nlichen Gedanken ver\u00f6ffentlichen.<\/p>\n<p style=\"text-align: center;\">Neben meinen eigenen Gedanken besch\u00e4ftigen mich aber auch noch ganz andere Dinge. Filme zum Beispiel. Was praktisch ist, denn dazu habe ich eine eigene Seite. Schaut doch mal vorbei!<\/p>\n<hr \/>\n<p style=\"text-align: center;\">Meinen Filmblog &#8222;<span style=\"color: #ff0000;\">Jupiter&#8217;s Filmcheck<\/span>&#8220; findet ihr unter <span style=\"color: #008000;\"><strong><a style=\"color: #008000;\" href=\"http:\/\/www.filmcheck.ch\/\" target=\"_blank\">www.filmcheck.ch<\/a><\/strong><span style=\"color: #000000;\">.<\/span><\/span><\/p>\n<hr \/>\n<p style=\"text-align: center;\">\n<p><a href=\"http:\/\/www.filmcheck.ch\" target=\"_blank\"><img loading=\"lazy\" decoding=\"async\" class=\"aligncenter wp-image-24 size-medium\" src=\"http:\/\/jupiterkallisto.ch\/wp-content\/uploads\/2014\/10\/532858c0f12872.20196464-300x300.png\" alt=\"532858c0f12872.20196464\" width=\"300\" height=\"300\" srcset=\"http:\/\/jupiterkallisto.ch\/wp-content\/uploads\/2014\/10\/532858c0f12872.20196464-300x300.png 300w, http:\/\/jupiterkallisto.ch\/wp-content\/uploads\/2014\/10\/532858c0f12872.20196464-150x150.png 150w, http:\/\/jupiterkallisto.ch\/wp-content\/uploads\/2014\/10\/532858c0f12872.20196464.png 1023w\" sizes=\"(max-width: 300px) 100vw, 300px\" \/><\/a><\/p>\n","protected":false},"excerpt":{"rendered":"<p>Auf dieser Seite werde ich hin und wieder meine pers\u00f6nlichen Gedanken ver\u00f6ffentlichen. Neben meinen eigenen Gedanken besch\u00e4ftigen mich aber auch noch ganz andere Dinge. Filme zum Beispiel. Was praktisch ist, denn dazu habe ich eine eigene Seite. Schaut doch mal vorbei! Meinen Filmblog &#8222;Jupiter&#8217;s Filmcheck&#8220; findet ihr unter www.filmcheck.ch.<\/p>\n","protected":false},"author":2,"featured_media":0,"parent":0,"menu_order":0,"comment_status":"open","ping_status":"open","template":"","meta":{"footnotes":""},"class_list":["post-15","page","type-page","status-publish","hentry"],"_links":{"self":[{"href":"http:\/\/jupiterkallisto.ch\/index.php?rest_route=\/wp\/v2\/pages\/15"}],"collection":[{"href":"http:\/\/jupiterkallisto.ch\/index.php?rest_route=\/wp\/v2\/pages"}],"about":[{"href":"http:\/\/jupiterkallisto.ch\/index.php?rest_route=\/wp\/v2\/types\/page"}],"author":[{"embeddable":true,"href":"http:\/\/jupiterkallisto.ch\/index.php?rest_route=\/wp\/v2\/users\/2"}],"replies":[{"embeddable":true,"href":"http:\/\/jupiterkallisto.ch\/index.php?rest_route=%2Fwp%2Fv2%2Fcomments&post=15"}],"version-history":[{"count":11,"href":"http:\/\/jupiterkallisto.ch\/index.php?rest_route=\/wp\/v2\/pages\/15\/revisions"}],"predecessor-version":[{"id":27,"href":"http:\/\/jupiterkallisto.ch\/index.php?rest_route=\/wp\/v2\/pages\/15\/revisions\/27"}],"wp:attachment":[{"href":"http:\/\/jupiterkallisto.ch\/index.php?rest_route=%2Fwp%2Fv2%2Fmedia&parent=15"}],"curies":[{"name":"wp","href":"https:\/\/api.w.org\/{rel}","templated":true}]}}