{"id":8,"date":"2014-10-21T21:49:54","date_gmt":"2014-10-21T19:49:54","guid":{"rendered":"http:\/\/jupiterkallisto.ch\/?page_id=8"},"modified":"2019-04-25T21:46:40","modified_gmt":"2019-04-25T19:46:40","slug":"ueber-mich","status":"publish","type":"page","link":"http:\/\/jupiterkallisto.ch\/?page_id=8","title":{"rendered":"\u00dcber mich"},"content":{"rendered":"<p>Hi!<\/p>\n<p>Mein Name ist Remo (oder auch Jupiter), ich bin\u00a01994 geboren und lebe in Herzogenbuchsee in der Schweiz.<\/p>\n<p>Hier werdet ihr regelm\u00e4ssig (oder auch nicht) meine (meist wirren und \u00fcberf\u00fcllten) Gedanken lesen (und hoffentlich folgen und verstehen) k\u00f6nnen.<\/p>\n<p>Ob dieser Blog n\u00f6tig ist (oder auch nicht),\u00a0dar\u00fcber kann man sich streiten.<\/p>\n<hr \/>\n<p style=\"text-align: center;\"><span style=\"color: #008000;\">Dies sind meine Gedanken. Folglich k\u00f6nnen sie gegen\u00fcber deinen abweichen oder in eine komplett andere Richtung gehen. Ich bitte dies\u00a0zu akzeptieren.<\/span><\/p>\n<p style=\"text-align: center;\"><span style=\"color: #008000;\">Ich lasse mich aber nat\u00fcrlich gerne auf eine Diskussion ein.<\/span><\/p>\n<hr \/>\n<p>Also, man liest sich.<\/p>\n<p>Jupiter<\/p>\n<p><em>PS: Das mit den Klammern werdet ihr vielleicht \u00f6fter auf dieser Seite antreffen.\u00a0(oder auch nicht)<\/em><\/p>\n","protected":false},"excerpt":{"rendered":"<p>Hi! Mein Name ist Remo (oder auch Jupiter), ich bin\u00a01994 geboren und lebe in Herzogenbuchsee in der Schweiz. Hier werdet ihr regelm\u00e4ssig (oder auch nicht) meine (meist wirren und \u00fcberf\u00fcllten) Gedanken lesen (und hoffentlich folgen und verstehen) k\u00f6nnen. Ob dieser Blog n\u00f6tig ist (oder auch nicht),\u00a0dar\u00fcber kann man sich streiten. Dies sind meine Gedanken. Folglich [&hellip;]<\/p>\n","protected":false},"author":2,"featured_media":0,"parent":0,"menu_order":0,"comment_status":"open","ping_status":"open","template":"","meta":{"footnotes":""},"class_list":["post-8","page","type-page","status-publish","hentry"],"_links":{"self":[{"href":"http:\/\/jupiterkallisto.ch\/index.php?rest_route=\/wp\/v2\/pages\/8"}],"collection":[{"href":"http:\/\/jupiterkallisto.ch\/index.php?rest_route=\/wp\/v2\/pages"}],"about":[{"href":"http:\/\/jupiterkallisto.ch\/index.php?rest_route=\/wp\/v2\/types\/page"}],"author":[{"embeddable":true,"href":"http:\/\/jupiterkallisto.ch\/index.php?rest_route=\/wp\/v2\/users\/2"}],"replies":[{"embeddable":true,"href":"http:\/\/jupiterkallisto.ch\/index.php?rest_route=%2Fwp%2Fv2%2Fcomments&post=8"}],"version-history":[{"count":8,"href":"http:\/\/jupiterkallisto.ch\/index.php?rest_route=\/wp\/v2\/pages\/8\/revisions"}],"predecessor-version":[{"id":329,"href":"http:\/\/jupiterkallisto.ch\/index.php?rest_route=\/wp\/v2\/pages\/8\/revisions\/329"}],"wp:attachment":[{"href":"http:\/\/jupiterkallisto.ch\/index.php?rest_route=%2Fwp%2Fv2%2Fmedia&parent=8"}],"curies":[{"name":"wp","href":"https:\/\/api.w.org\/{rel}","templated":true}]}}